{"id":3697,"date":"2023-05-28T17:51:15","date_gmt":"2023-05-28T08:51:15","guid":{"rendered":"https:\/\/iiouti.com\/sdp\/?page_id=3697"},"modified":"2023-06-05T12:25:54","modified_gmt":"2023-06-05T03:25:54","slug":"modelgohoncyoa","status":"publish","type":"page","link":"https:\/\/iiouti.com\/sdp\/modelgohoncyoa","title":{"rendered":"\u5fc3\u5730\u3088\u3055\u6ea2\u308c\u308b\u5317\u6b27\u30a4\u30f3\u30b9\u30d1\u30a4\u30a2\u306e\u4f4f\u307e\u3044 | \u4eca\u6cbb\u5e02\u90f7\u672c\u753aA"},"content":{"rendered":"\t\t<div data-elementor-type=\"wp-page\" data-elementor-id=\"3697\" class=\"elementor elementor-3697\">\n\t\t\t\t\t\t<section class=\"elementor-section elementor-top-section elementor-element elementor-element-dddb68f elementor-section-boxed elementor-section-height-default elementor-section-height-default\" data-id=\"dddb68f\" data-element_type=\"section\" data-e-type=\"section\">\n\t\t\t\t\t\t<div class=\"elementor-container elementor-column-gap-default\">\n\t\t\t\t\t<div class=\"elementor-column elementor-col-100 elementor-top-column elementor-element elementor-element-6e79b89\" data-id=\"6e79b89\" data-element_type=\"column\" data-e-type=\"column\">\n\t\t\t<div class=\"elementor-widget-wrap elementor-element-populated\">\n\t\t\t\t\t\t<div class=\"elementor-element elementor-element-daf0657 elementor-widget elementor-widget-image\" data-id=\"daf0657\" data-element_type=\"widget\" data-e-type=\"widget\" data-widget_type=\"image.default\">\n\t\t\t\t<div class=\"elementor-widget-container\">\n\t\t\t\t\t\t\t\t\t\t\t\t\t\t\t<img fetchpriority=\"high\" decoding=\"async\" width=\"1414\" height=\"1279\" src=\"https:\/\/iiouti.com\/sdp\/wordpress\/wp-content\/uploads\/2023\/06\/\u90f7\u672c\u753aA\u30e2\u30c7\u30eb\u30cf\u30a6\u30b9-1-1-1.png\" class=\"attachment-large size-large wp-image-3746\" alt=\"\" srcset=\"https:\/\/iiouti.com\/sdp\/wordpress\/wp-content\/uploads\/2023\/06\/\u90f7\u672c\u753aA\u30e2\u30c7\u30eb\u30cf\u30a6\u30b9-1-1-1.png 1414w, https:\/\/iiouti.com\/sdp\/wordpress\/wp-content\/uploads\/2023\/06\/\u90f7\u672c\u753aA\u30e2\u30c7\u30eb\u30cf\u30a6\u30b9-1-1-1-300x271.png 300w, https:\/\/iiouti.com\/sdp\/wordpress\/wp-content\/uploads\/2023\/06\/\u90f7\u672c\u753aA\u30e2\u30c7\u30eb\u30cf\u30a6\u30b9-1-1-1-768x695.png 768w\" sizes=\"(max-width: 1414px) 100vw, 1414px\" \/>\t\t\t\t\t\t\t\t\t\t\t\t\t\t\t<\/div>\n\t\t\t\t<\/div>\n\t\t\t\t<div class=\"elementor-element elementor-element-9b0976f elementor-widget elementor-widget-image\" data-id=\"9b0976f\" data-element_type=\"widget\" data-e-type=\"widget\" data-widget_type=\"image.default\">\n\t\t\t\t<div class=\"elementor-widget-container\">\n\t\t\t\t\t\t\t\t\t\t\t\t\t\t\t<img decoding=\"async\" width=\"1414\" height=\"277\" src=\"https:\/\/iiouti.com\/sdp\/wordpress\/wp-content\/uploads\/2023\/06\/TOP2-0.jpg\" class=\"attachment-large size-large wp-image-3747\" alt=\"\" srcset=\"https:\/\/iiouti.com\/sdp\/wordpress\/wp-content\/uploads\/2023\/06\/TOP2-0.jpg 1414w, https:\/\/iiouti.com\/sdp\/wordpress\/wp-content\/uploads\/2023\/06\/TOP2-0-300x59.jpg 300w, https:\/\/iiouti.com\/sdp\/wordpress\/wp-content\/uploads\/2023\/06\/TOP2-0-768x150.jpg 768w\" sizes=\"(max-width: 1414px) 100vw, 1414px\" \/>\t\t\t\t\t\t\t\t\t\t\t\t\t\t\t<\/div>\n\t\t\t\t<\/div>\n\t\t\t\t<div class=\"elementor-element elementor-element-8157e73 elementor-widget elementor-widget-image\" data-id=\"8157e73\" data-element_type=\"widget\" data-e-type=\"widget\" data-widget_type=\"image.default\">\n\t\t\t\t<div class=\"elementor-widget-container\">\n\t\t\t\t\t\t\t\t\t\t\t\t\t\t\t<img decoding=\"async\" width=\"1414\" height=\"991\" src=\"https:\/\/iiouti.com\/sdp\/wordpress\/wp-content\/uploads\/2023\/06\/TOP1-2.jpg\" class=\"attachment-large size-large wp-image-3748\" alt=\"\" srcset=\"https:\/\/iiouti.com\/sdp\/wordpress\/wp-content\/uploads\/2023\/06\/TOP1-2.jpg 1414w, https:\/\/iiouti.com\/sdp\/wordpress\/wp-content\/uploads\/2023\/06\/TOP1-2-300x210.jpg 300w, https:\/\/iiouti.com\/sdp\/wordpress\/wp-content\/uploads\/2023\/06\/TOP1-2-768x538.jpg 768w\" sizes=\"(max-width: 1414px) 100vw, 1414px\" \/>\t\t\t\t\t\t\t\t\t\t\t\t\t\t\t<\/div>\n\t\t\t\t<\/div>\n\t\t\t\t\t<\/div>\n\t\t<\/div>\n\t\t\t\t\t<\/div>\n\t\t<\/section>\n\t\t\t\t<section class=\"elementor-section elementor-top-section elementor-element elementor-element-667e644 elementor-section-boxed elementor-section-height-default elementor-section-height-default\" data-id=\"667e644\" data-element_type=\"section\" data-e-type=\"section\">\n\t\t\t\t\t\t<div class=\"elementor-container elementor-column-gap-default\">\n\t\t\t\t\t<div class=\"elementor-column elementor-col-100 elementor-top-column elementor-element elementor-element-64a3768\" data-id=\"64a3768\" data-element_type=\"column\" data-e-type=\"column\">\n\t\t\t<div class=\"elementor-widget-wrap elementor-element-populated\">\n\t\t\t\t\t\t<section class=\"elementor-section elementor-inner-section elementor-element elementor-element-5bc105d elementor-section-boxed elementor-section-height-default elementor-section-height-default\" data-id=\"5bc105d\" data-element_type=\"section\" data-e-type=\"section\">\n\t\t\t\t\t\t<div class=\"elementor-container elementor-column-gap-default\">\n\t\t\t\t\t<div class=\"elementor-column elementor-col-50 elementor-inner-column elementor-element elementor-element-36d2fd7\" data-id=\"36d2fd7\" data-element_type=\"column\" data-e-type=\"column\">\n\t\t\t<div class=\"elementor-widget-wrap elementor-element-populated\">\n\t\t\t\t\t\t<div class=\"elementor-element elementor-element-6b99361 elementor-widget elementor-widget-image\" data-id=\"6b99361\" data-element_type=\"widget\" data-e-type=\"widget\" data-widget_type=\"image.default\">\n\t\t\t\t<div class=\"elementor-widget-container\">\n\t\t\t\t\t\t\t\t\t\t\t\t\t\t\t<img loading=\"lazy\" decoding=\"async\" width=\"1000\" height=\"1800\" src=\"https:\/\/iiouti.com\/sdp\/wordpress\/wp-content\/uploads\/2023\/06\/\u5916\u89b3.png\" class=\"attachment-large size-large wp-image-3738\" alt=\"\" srcset=\"https:\/\/iiouti.com\/sdp\/wordpress\/wp-content\/uploads\/2023\/06\/\u5916\u89b3.png 1000w, https:\/\/iiouti.com\/sdp\/wordpress\/wp-content\/uploads\/2023\/06\/\u5916\u89b3-167x300.png 167w, https:\/\/iiouti.com\/sdp\/wordpress\/wp-content\/uploads\/2023\/06\/\u5916\u89b3-768x1382.png 768w, https:\/\/iiouti.com\/sdp\/wordpress\/wp-content\/uploads\/2023\/06\/\u5916\u89b3-853x1536.png 853w\" sizes=\"(max-width: 1000px) 100vw, 1000px\" \/>\t\t\t\t\t\t\t\t\t\t\t\t\t\t\t<\/div>\n\t\t\t\t<\/div>\n\t\t\t\t\t<\/div>\n\t\t<\/div>\n\t\t\t\t<div class=\"elementor-column elementor-col-50 elementor-inner-column elementor-element elementor-element-bcb4e00\" data-id=\"bcb4e00\" data-element_type=\"column\" data-e-type=\"column\">\n\t\t\t<div class=\"elementor-widget-wrap elementor-element-populated\">\n\t\t\t\t\t\t<div class=\"elementor-element elementor-element-851a8ec elementor-widget elementor-widget-video\" data-id=\"851a8ec\" data-element_type=\"widget\" data-e-type=\"widget\" data-settings=\"{&quot;youtube_url&quot;:&quot;https:\\\/\\\/youtu.be\\\/Qd22gjA1C4M&quot;,&quot;video_type&quot;:&quot;youtube&quot;,&quot;controls&quot;:&quot;yes&quot;}\" data-widget_type=\"video.default\">\n\t\t\t\t<div class=\"elementor-widget-container\">\n\t\t\t\t\t\t\t<div class=\"elementor-wrapper elementor-open-inline\">\n\t\t\t<div class=\"elementor-video\"><\/div>\t\t<\/div>\n\t\t\t\t\t\t<\/div>\n\t\t\t\t<\/div>\n\t\t\t\t\t<\/div>\n\t\t<\/div>\n\t\t\t\t\t<\/div>\n\t\t<\/section>\n\t\t\t\t\t<\/div>\n\t\t<\/div>\n\t\t\t\t\t<\/div>\n\t\t<\/section>\n\t\t\t\t<section class=\"elementor-section elementor-top-section elementor-element elementor-element-7fd2efe elementor-section-boxed elementor-section-height-default elementor-section-height-default\" data-id=\"7fd2efe\" data-element_type=\"section\" data-e-type=\"section\">\n\t\t\t\t\t\t<div class=\"elementor-container elementor-column-gap-default\">\n\t\t\t\t\t<div class=\"elementor-column elementor-col-100 elementor-top-column elementor-element elementor-element-2357098\" data-id=\"2357098\" data-element_type=\"column\" data-e-type=\"column\">\n\t\t\t<div class=\"elementor-widget-wrap elementor-element-populated\">\n\t\t\t\t\t\t<div class=\"elementor-element elementor-element-5e9a942 elementor-widget elementor-widget-image\" data-id=\"5e9a942\" data-element_type=\"widget\" data-e-type=\"widget\" data-widget_type=\"image.default\">\n\t\t\t\t<div class=\"elementor-widget-container\">\n\t\t\t\t\t\t\t\t\t\t\t\t\t\t\t<img loading=\"lazy\" decoding=\"async\" width=\"1414\" height=\"2000\" src=\"https:\/\/iiouti.com\/sdp\/wordpress\/wp-content\/uploads\/2023\/05\/\u90f7\u672c\u753aA\u30e2\u30c7\u30eb\u30cf\u30a6\u30b9-3.png\" class=\"attachment-large size-large wp-image-3700\" alt=\"\" srcset=\"https:\/\/iiouti.com\/sdp\/wordpress\/wp-content\/uploads\/2023\/05\/\u90f7\u672c\u753aA\u30e2\u30c7\u30eb\u30cf\u30a6\u30b9-3.png 1414w, https:\/\/iiouti.com\/sdp\/wordpress\/wp-content\/uploads\/2023\/05\/\u90f7\u672c\u753aA\u30e2\u30c7\u30eb\u30cf\u30a6\u30b9-3-212x300.png 212w, https:\/\/iiouti.com\/sdp\/wordpress\/wp-content\/uploads\/2023\/05\/\u90f7\u672c\u753aA\u30e2\u30c7\u30eb\u30cf\u30a6\u30b9-3-768x1086.png 768w, https:\/\/iiouti.com\/sdp\/wordpress\/wp-content\/uploads\/2023\/05\/\u90f7\u672c\u753aA\u30e2\u30c7\u30eb\u30cf\u30a6\u30b9-3-1086x1536.png 1086w\" sizes=\"(max-width: 1414px) 100vw, 1414px\" \/>\t\t\t\t\t\t\t\t\t\t\t\t\t\t\t<\/div>\n\t\t\t\t<\/div>\n\t\t\t\t\t<\/div>\n\t\t<\/div>\n\t\t\t\t\t<\/div>\n\t\t<\/section>\n\t\t\t\t<section class=\"elementor-section elementor-top-section elementor-element elementor-element-0537dcf elementor-section-boxed elementor-section-height-default elementor-section-height-default\" data-id=\"0537dcf\" data-element_type=\"section\" data-e-type=\"section\">\n\t\t\t\t\t\t<div class=\"elementor-container elementor-column-gap-default\">\n\t\t\t\t\t<div class=\"elementor-column elementor-col-100 elementor-top-column elementor-element elementor-element-2ee3f20\" data-id=\"2ee3f20\" data-element_type=\"column\" data-e-type=\"column\">\n\t\t\t<div class=\"elementor-widget-wrap elementor-element-populated\">\n\t\t\t\t\t\t<div class=\"elementor-element elementor-element-0fb6e4e elementor-widget elementor-widget-image\" data-id=\"0fb6e4e\" data-element_type=\"widget\" data-e-type=\"widget\" data-widget_type=\"image.default\">\n\t\t\t\t<div class=\"elementor-widget-container\">\n\t\t\t\t\t\t\t\t\t\t\t\t\t\t\t<img loading=\"lazy\" decoding=\"async\" width=\"1414\" height=\"2000\" src=\"https:\/\/iiouti.com\/sdp\/wordpress\/wp-content\/uploads\/2023\/05\/\u90f7\u672c\u753aA\u30e2\u30c7\u30eb\u30cf\u30a6\u30b9-4.png\" class=\"attachment-large size-large wp-image-3701\" alt=\"\" srcset=\"https:\/\/iiouti.com\/sdp\/wordpress\/wp-content\/uploads\/2023\/05\/\u90f7\u672c\u753aA\u30e2\u30c7\u30eb\u30cf\u30a6\u30b9-4.png 1414w, https:\/\/iiouti.com\/sdp\/wordpress\/wp-content\/uploads\/2023\/05\/\u90f7\u672c\u753aA\u30e2\u30c7\u30eb\u30cf\u30a6\u30b9-4-212x300.png 212w, https:\/\/iiouti.com\/sdp\/wordpress\/wp-content\/uploads\/2023\/05\/\u90f7\u672c\u753aA\u30e2\u30c7\u30eb\u30cf\u30a6\u30b9-4-768x1086.png 768w, https:\/\/iiouti.com\/sdp\/wordpress\/wp-content\/uploads\/2023\/05\/\u90f7\u672c\u753aA\u30e2\u30c7\u30eb\u30cf\u30a6\u30b9-4-1086x1536.png 1086w\" sizes=\"(max-width: 1414px) 100vw, 1414px\" \/>\t\t\t\t\t\t\t\t\t\t\t\t\t\t\t<\/div>\n\t\t\t\t<\/div>\n\t\t\t\t\t<\/div>\n\t\t<\/div>\n\t\t\t\t\t<\/div>\n\t\t<\/section>\n\t\t\t\t<section class=\"elementor-section elementor-top-section elementor-element elementor-element-34be661 elementor-section-boxed elementor-section-height-default elementor-section-height-default\" data-id=\"34be661\" data-element_type=\"section\" data-e-type=\"section\">\n\t\t\t\t\t\t<div class=\"elementor-container elementor-column-gap-default\">\n\t\t\t\t\t<div class=\"elementor-column elementor-col-100 elementor-top-column elementor-element elementor-element-7cbd5ba\" data-id=\"7cbd5ba\" data-element_type=\"column\" data-e-type=\"column\">\n\t\t\t<div class=\"elementor-widget-wrap elementor-element-populated\">\n\t\t\t\t\t\t<div class=\"elementor-element elementor-element-ef289e8 elementor-widget elementor-widget-html\" data-id=\"ef289e8\" data-element_type=\"widget\" data-e-type=\"widget\" data-widget_type=\"html.default\">\n\t\t\t\t<div class=\"elementor-widget-container\">\n\t\t\t\t\t<iframe height='700px' width='380px' style='max-width:100%;' src='https:\/\/spacely.co.jp\/seiko_imabari\/8house-go_honchoA' frameborder='0' allowfullscreen='true' mozallowfullscreen='true' webkitallowfullscreen='true'><\/iframe>\t\t\t\t<\/div>\n\t\t\t\t<\/div>\n\t\t\t\t<div class=\"elementor-element elementor-element-ba3d7de elementor-widget elementor-widget-spacer\" data-id=\"ba3d7de\" data-element_type=\"widget\" data-e-type=\"widget\" data-widget_type=\"spacer.default\">\n\t\t\t\t<div class=\"elementor-widget-container\">\n\t\t\t\t\t\t\t<div class=\"elementor-spacer\">\n\t\t\t<div class=\"elementor-spacer-inner\"><\/div>\n\t\t<\/div>\n\t\t\t\t\t\t<\/div>\n\t\t\t\t<\/div>\n\t\t\t\t\t<\/div>\n\t\t<\/div>\n\t\t\t\t\t<\/div>\n\t\t<\/section>\n\t\t\t\t<section class=\"elementor-section elementor-top-section elementor-element elementor-element-144f1c1 elementor-section-boxed elementor-section-height-default elementor-section-height-default\" data-id=\"144f1c1\" data-element_type=\"section\" data-e-type=\"section\">\n\t\t\t\t\t\t<div class=\"elementor-container elementor-column-gap-default\">\n\t\t\t\t\t<div class=\"elementor-column elementor-col-100 elementor-top-column elementor-element elementor-element-6fc382b\" data-id=\"6fc382b\" data-element_type=\"column\" data-e-type=\"column\">\n\t\t\t<div class=\"elementor-widget-wrap elementor-element-populated\">\n\t\t\t\t\t\t<div class=\"elementor-element elementor-element-9e55304 elementor-widget elementor-widget-heading\" data-id=\"9e55304\" data-element_type=\"widget\" data-e-type=\"widget\" data-widget_type=\"heading.default\">\n\t\t\t\t<div class=\"elementor-widget-container\">\n\t\t\t\t\t<h2 class=\"elementor-heading-title elementor-size-large\">\u5185\u898b\u4e88\u7d04<\/h2>\t\t\t\t<\/div>\n\t\t\t\t<\/div>\n\t\t\t\t<div class=\"elementor-element elementor-element-e6f1a6e elementor-widget elementor-widget-shortcode\" data-id=\"e6f1a6e\" data-element_type=\"widget\" data-e-type=\"widget\" data-widget_type=\"shortcode.default\">\n\t\t\t\t<div class=\"elementor-widget-container\">\n\t\t\t\t\t\t\t<div class=\"elementor-shortcode\">\n<div class=\"wpcf7 no-js\" id=\"wpcf7-f3709-o1\" lang=\"ja\" dir=\"ltr\" data-wpcf7-id=\"3709\">\n<div class=\"screen-reader-response\"><p role=\"status\" aria-live=\"polite\" aria-atomic=\"true\"><\/p> <ul><\/ul><\/div>\n<script type=\"text\/javascript\" charset=\"UTF-8\" src=\"https:\/\/zipaddr.github.io\/zipaddrx.js?v=1.42\"><\/script><script defer src=\"data:text\/javascript;base64,ZnVuY3Rpb24gemlwYWRkcl9vd25iKCl7WlAuZGxpPSctJztaUC53cD0nMSc7WlAudXZlcj0nMTQ4MzQuMTUxOTQuNTI2MTAnO1pQLnN5c2lkPSdDb250YWN0Rm9ybTcnO30=\"><\/script><script type=\"text\/javascript\" charset=\"UTF-8\" src=\"https:\/\/zipaddr.github.io\/contactform7.js\"><\/script><form action=\"\/sdp\/wp-json\/wp\/v2\/pages\/3697#wpcf7-f3709-o1\" method=\"post\" class=\"wpcf7-form init\" aria-label=\"\u30b3\u30f3\u30bf\u30af\u30c8\u30d5\u30a9\u30fc\u30e0\" novalidate=\"novalidate\" data-status=\"init\">\n<fieldset class=\"hidden-fields-container\"><input type=\"hidden\" name=\"_wpcf7\" value=\"3709\" \/><input type=\"hidden\" name=\"_wpcf7_version\" value=\"6.1.5\" \/><input type=\"hidden\" name=\"_wpcf7_locale\" value=\"ja\" \/><input type=\"hidden\" name=\"_wpcf7_unit_tag\" value=\"wpcf7-f3709-o1\" \/><input type=\"hidden\" name=\"_wpcf7_container_post\" value=\"0\" \/><input type=\"hidden\" name=\"_wpcf7_posted_data_hash\" value=\"\" \/><input type=\"hidden\" name=\"_wpcf7_recaptcha_response\" value=\"\" \/>\n<\/fieldset>\n<table class=\"CF7_table\">\n\t<tr>\n\t\t<th>\n\t\t\t<p><span class=\"CF7_req\">\u5fc5\u9808<\/span>\u7b2c\uff11\u3054\u5e0c\u671b\u65e5\u6642\n\t\t\t<\/p>\n\t\t<\/th>\n\t\t<td>\n\t\t\t<p>\u3054\u5e0c\u671b\u65e5\uff1a<span class=\"wpcf7-form-control-wrap\" data-name=\"date-39\"><input class=\"wpcf7-form-control wpcf7-date wpcf7-validates-as-required wpcf7-validates-as-date\" aria-required=\"true\" aria-invalid=\"false\" value=\"\" type=\"date\" name=\"date-39\" \/><\/span><br \/>\n\u3054\u5e0c\u671b\u6642\u9593\uff1a <span class=\"wpcf7-form-control-wrap\" data-name=\"checkbox-787\"><select class=\"wpcf7-form-control wpcf7-select wpcf7-validates-as-required\" aria-required=\"true\" aria-invalid=\"false\" name=\"checkbox-787\"><option value=\"\">&#8212;\u4ee5\u4e0b\u304b\u3089\u9078\u629e\u3057\u3066\u304f\u3060\u3055\u3044&#8212;<\/option><option value=\"10:00\">10:00<\/option><option value=\"10:30\">10:30<\/option><option value=\"11:00\">11:00<\/option><option value=\"11:30\">11:30<\/option><option value=\"13:00\">13:00<\/option><option value=\"13:30\">13:30<\/option><option value=\"14:00\">14:00<\/option><option value=\"14:30\">14:30<\/option><option value=\"15:00\">15:00<\/option><option value=\"15:30\">15:30<\/option><option value=\"16:00\">16:00<\/option><\/select><\/span>\n\t\t\t<\/p>\n\t\t<\/td>\n\t<\/tr>\n\t<tr>\n\t\t<th>\n\t\t\t<p><span class=\"CF7_req\">\u5fc5\u9808<\/span>\u7b2c\uff12\u3054\u5e0c\u671b\u65e5\u6642\n\t\t\t<\/p>\n\t\t<\/th>\n\t\t<td>\n\t\t\t<p>\u3054\u5e0c\u671b\u65e5\uff1a<span class=\"wpcf7-form-control-wrap\" data-name=\"date-40\"><input class=\"wpcf7-form-control wpcf7-date wpcf7-validates-as-required wpcf7-validates-as-date\" aria-required=\"true\" aria-invalid=\"false\" value=\"50\" type=\"date\" name=\"date-40\" \/><\/span><br \/>\n\u3054\u5e0c\u671b\u6642\u9593\uff1a <span class=\"wpcf7-form-control-wrap\" data-name=\"checkbox-788\"><select class=\"wpcf7-form-control wpcf7-select wpcf7-validates-as-required\" aria-required=\"true\" aria-invalid=\"false\" name=\"checkbox-788\"><option value=\"\">&#8212;\u4ee5\u4e0b\u304b\u3089\u9078\u629e\u3057\u3066\u304f\u3060\u3055\u3044&#8212;<\/option><option value=\"10:00\">10:00<\/option><option value=\"10:30\">10:30<\/option><option value=\"11:00\">11:00<\/option><option value=\"11:30\">11:30<\/option><option value=\"13:00\">13:00<\/option><option value=\"13:30\">13:30<\/option><option value=\"14:00\">14:00<\/option><option value=\"14:30\">14:30<\/option><option value=\"15:00\">15:00<\/option><option value=\"15:30\">15:30<\/option><option value=\"16:00\">16:00<\/option><\/select><\/span>\n\t\t\t<\/p>\n\t\t<\/td>\n\t<\/tr>\n\t<tr>\n\t\t<th height=\"50\">\n\t\t\t<p><span class=\"CF7_req\">\u5fc5\u9808<\/span> \u304a\u540d\u524d\n\t\t\t<\/p>\n\t\t<\/th>\n\t\t<td height=\"50\">\n\t\t\t<p><span class=\"wpcf7-form-control-wrap\" data-name=\"your-name\"><input size=\"40\" maxlength=\"400\" class=\"wpcf7-form-control wpcf7-text wpcf7-validates-as-required\" aria-required=\"true\" aria-invalid=\"false\" placeholder=\"\u4f8b\uff1a\u3042\u306a\u305f\u306e\u304a\u540d\u524d\" value=\"\" type=\"text\" name=\"your-name\" \/><\/span>\n\t\t\t<\/p>\n\t\t<\/td>\n\t<\/tr>\n\t<tr>\n\t\t<th height=\"50\">\n\t\t\t<p><span class=\"CF7_req\">\u5fc5\u9808<\/span> \u30e1\u30fc\u30eb\u30a2\u30c9\u30ec\u30b9\n\t\t\t<\/p>\n\t\t<\/th>\n\t\t<td height=\"50\">\n\t\t\t<p><span class=\"wpcf7-form-control-wrap\" data-name=\"your-email\"><input size=\"40\" maxlength=\"400\" class=\"wpcf7-form-control wpcf7-email wpcf7-validates-as-required wpcf7-text wpcf7-validates-as-email\" aria-required=\"true\" aria-invalid=\"false\" placeholder=\"\u4f8b\uff1a\u00d7\u00d7\u00d7@\u00d7\u00d7\u00d7.com\" value=\"\" type=\"email\" name=\"your-email\" \/><\/span>\n\t\t\t<\/p>\n\t\t<\/td>\n\t<\/tr>\n\t<tr>\n\t\t<th height=\"50\">\n\t\t\t<p>\u96fb\u8a71\u756a\u53f7\n\t\t\t<\/p>\n\t\t<\/th>\n\t\t<td height=\"50\">\n\t\t\t<p><span class=\"wpcf7-form-control-wrap\" data-name=\"tel-693\"><input size=\"40\" maxlength=\"400\" class=\"wpcf7-form-control wpcf7-tel wpcf7-text wpcf7-validates-as-tel\" aria-invalid=\"false\" placeholder=\"\u4f8b\uff1a0897401567\" value=\"\" type=\"tel\" name=\"tel-693\" \/><\/span>\n\t\t\t<\/p>\n\t\t<\/td>\n\t<\/tr>\n\t<tr>\n\t\t<th height=\"50\">\n\t\t\t<p><span class=\"CF7_req\">\u5fc5\u9808<\/span>\u90f5\u4fbf\u756a\u53f7\n\t\t\t<\/p>\n\t\t<\/th>\n\t\t<td height=\"50\">\n\t\t\t<p><span class=\"wpcf7-form-control-wrap\" data-name=\"zip\"><input size=\"40\" maxlength=\"400\" class=\"wpcf7-form-control wpcf7-text wpcf7-validates-as-required\" id=\"zip\" aria-required=\"true\" aria-invalid=\"false\" placeholder=\"\u4f8b\uff1a123-4567\" value=\"\" type=\"text\" name=\"zip\" \/><\/span>\n\t\t\t<\/p>\n\t\t<\/td>\n\t<\/tr>\n\t<tr>\n\t\t<th height=\"50\">\n\t\t\t<p><span class=\"CF7_req\">\u5fc5\u9808<\/span>\u90fd\u9053\u5e9c\u770c\n\t\t\t<\/p>\n\t\t<\/th>\n\t\t<td height=\"50\">\n\t\t\t<p><span class=\"wpcf7-form-control-wrap\" data-name=\"pref\"><input size=\"40\" maxlength=\"400\" class=\"wpcf7-form-control wpcf7-text wpcf7-validates-as-required\" id=\"pref\" aria-required=\"true\" aria-invalid=\"false\" placeholder=\"\u4f8b\uff1a\u611b\u5a9b\u770c\" value=\"\" type=\"text\" name=\"pref\" \/><\/span>\n\t\t\t<\/p>\n\t\t<\/td>\n\t<\/tr>\n\t<tr>\n\t\t<th>\n\t\t\t<p><span class=\"CF7_req\">\u5fc5\u9808<\/span>\u5e02\u533a\u753a\u6751\n\t\t\t<\/p>\n\t\t<\/th>\n\t\t<td class=\"address-100\">\n\t\t\t<p><span class=\"wpcf7-form-control-wrap\" data-name=\"city\"><input size=\"40\" maxlength=\"400\" class=\"wpcf7-form-control wpcf7-text wpcf7-validates-as-required\" id=\"city\" aria-required=\"true\" aria-invalid=\"false\" placeholder=\"\u4f8b\uff1a\u65b0\u5c45\u6d5c\u5e02\" value=\"\" type=\"text\" name=\"city\" \/><\/span>\n\t\t\t<\/p>\n\t\t<\/td>\n\t<\/tr>\n\t<tr>\n\t\t<th height=\"50\">\n\t\t\t<p><span class=\"CF7_req\">\u5fc5\u9808<\/span>\u305d\u308c\u4ee5\u964d\u306e\u4f4f\u6240\n\t\t\t<\/p>\n\t\t<\/th>\n\t\t<td height=\"50\" class=\"address-100\">\n\t\t\t<p><span class=\"wpcf7-form-control-wrap\" data-name=\"addr\"><input size=\"40\" maxlength=\"400\" class=\"wpcf7-form-control wpcf7-text wpcf7-validates-as-required\" id=\"addr\" aria-required=\"true\" aria-invalid=\"false\" placeholder=\"\u4f8b\uff1a\u677e\u6728\u753a\uff14\u756a\uff12\uff15\u53f7\" value=\"\" type=\"text\" name=\"addr\" \/><\/span>\n\t\t\t<\/p>\n\t\t<\/td>\n\t<\/tr>\n\t<tr>\n\t\t<th>\n\t\t\t<p>\u30e1\u30c3\u30bb\u30fc\u30b8\u672c\u6587\n\t\t\t<\/p>\n\t\t<\/th>\n\t\t<td class=\"message-100\">\n\t\t\t<p><span class=\"wpcf7-form-control-wrap\" data-name=\"your-message\"><textarea cols=\"40\" rows=\"10\" maxlength=\"2000\" class=\"wpcf7-form-control wpcf7-textarea\" aria-invalid=\"false\" placeholder=\"\u304a\u554f\u3044\u5408\u308f\u305b\u5185\u5bb9\u3092\u3054\u8a18\u5165\u304f\u3060\u3055\u3044\" name=\"your-message\"><\/textarea><\/span>\n\t\t\t<\/p>\n\t\t<\/td>\n\t<\/tr>\n<\/table>\n<p class=\"CF7_btn\"><input class=\"wpcf7-form-control wpcf7-submit has-spinner\" type=\"submit\" value=\"\u9001\u4fe1\u3059\u308b\" \/>\n<\/p><p style=\"display: none !important;\" class=\"akismet-fields-container\" data-prefix=\"_wpcf7_ak_\"><label>&#916;<textarea name=\"_wpcf7_ak_hp_textarea\" cols=\"45\" rows=\"8\" maxlength=\"100\"><\/textarea><\/label><input type=\"hidden\" id=\"ak_js_1\" name=\"_wpcf7_ak_js\" value=\"178\"\/><script>\ndocument.getElementById( \"ak_js_1\" ).setAttribute( \"value\", ( new Date() ).getTime() );\n<\/script>\n<\/p><div class=\"wpcf7-response-output\" aria-hidden=\"true\"><\/div>\n<\/form>\n<\/div>\n<\/div>\n\t\t\t\t\t\t<\/div>\n\t\t\t\t<\/div>\n\t\t\t\t\t<\/div>\n\t\t<\/div>\n\t\t\t\t\t<\/div>\n\t\t<\/section>\n\t\t\t\t<\/div>\n\t\t","protected":false},"excerpt":{"rendered":"<p>\u5185\u898b\u4e88\u7d04<\/p>\n","protected":false},"author":1,"featured_media":0,"parent":0,"menu_order":0,"comment_status":"closed","ping_status":"closed","template":"","meta":{"footnotes":""},"class_list":["post-3697","page","type-page","status-publish","hentry"],"_links":{"self":[{"href":"https:\/\/iiouti.com\/sdp\/wp-json\/wp\/v2\/pages\/3697","targetHints":{"allow":["GET"]}}],"collection":[{"href":"https:\/\/iiouti.com\/sdp\/wp-json\/wp\/v2\/pages"}],"about":[{"href":"https:\/\/iiouti.com\/sdp\/wp-json\/wp\/v2\/types\/page"}],"author":[{"embeddable":true,"href":"https:\/\/iiouti.com\/sdp\/wp-json\/wp\/v2\/users\/1"}],"replies":[{"embeddable":true,"href":"https:\/\/iiouti.com\/sdp\/wp-json\/wp\/v2\/comments?post=3697"}],"version-history":[{"count":13,"href":"https:\/\/iiouti.com\/sdp\/wp-json\/wp\/v2\/pages\/3697\/revisions"}],"predecessor-version":[{"id":3752,"href":"https:\/\/iiouti.com\/sdp\/wp-json\/wp\/v2\/pages\/3697\/revisions\/3752"}],"wp:attachment":[{"href":"https:\/\/iiouti.com\/sdp\/wp-json\/wp\/v2\/media?parent=3697"}],"curies":[{"name":"wp","href":"https:\/\/api.w.org\/{rel}","templated":true}]}}